{"id":13040,"date":"2019-11-06T02:36:47","date_gmt":"2019-11-06T05:36:47","guid":{"rendered":"http:\/\/bglobalsolutions.com\/?page_id=13040"},"modified":"2025-01-06T14:20:39","modified_gmt":"2025-01-06T17:20:39","slug":"contacto","status":"publish","type":"page","link":"https:\/\/bglobalsolutions.com\/en\/contacto\/","title":{"rendered":"Contact"},"content":{"rendered":"<div data-elementor-type=\"wp-page\" data-elementor-id=\"13040\" class=\"elementor elementor-13040\">\n\t\t\t\t\t\t<section class=\"elementor-section elementor-top-section elementor-element elementor-element-34091b2 elementor-section-boxed elementor-section-height-default elementor-section-height-default\" data-id=\"34091b2\" data-element_type=\"section\" data-e-type=\"section\">\n\t\t\t\t\t\t<div class=\"elementor-container elementor-column-gap-default\">\n\t\t\t\t\t<div class=\"elementor-column elementor-col-100 elementor-top-column elementor-element elementor-element-7205114\" data-id=\"7205114\" data-element_type=\"column\" data-e-type=\"column\">\n\t\t\t<div class=\"elementor-widget-wrap elementor-element-populated\">\n\t\t\t\t\t\t<div class=\"elementor-element elementor-element-b22bb07 elementor-widget__width-auto elementor-widget elementor-widget-shortcode\" data-id=\"b22bb07\" data-element_type=\"widget\" data-e-type=\"widget\" data-widget_type=\"shortcode.default\">\n\t\t\t\t<div class=\"elementor-widget-container\">\n\t\t\t\t\t\t\t<div class=\"elementor-shortcode\"><span><span><a href=\"https:\/\/bglobalsolutions.com\/en\/\">Home<\/a><\/span><\/span><\/div>\n\t\t\t\t\t\t<\/div>\n\t\t\t\t<\/div>\n\t\t\t\t<div class=\"elementor-element elementor-element-294038e elementor-widget elementor-widget-heading\" data-id=\"294038e\" data-element_type=\"widget\" data-e-type=\"widget\" data-widget_type=\"heading.default\">\n\t\t\t\t<div class=\"elementor-widget-container\">\n\t\t\t\t\t<h1 class=\"elementor-heading-title elementor-size-default\">CONTACT<\/h1>\t\t\t\t<\/div>\n\t\t\t\t<\/div>\n\t\t\t\t\t<\/div>\n\t\t<\/div>\n\t\t\t\t\t<\/div>\n\t\t<\/section>\n\t\t\t\t<section class=\"elementor-section elementor-top-section elementor-element elementor-element-7d6cac6 elementor-section-boxed elementor-section-height-default elementor-section-height-default\" data-id=\"7d6cac6\" data-element_type=\"section\" data-e-type=\"section\">\n\t\t\t\t\t\t<div class=\"elementor-container elementor-column-gap-default\">\n\t\t\t\t\t<div class=\"elementor-column elementor-col-33 elementor-top-column elementor-element elementor-element-0e572aa\" data-id=\"0e572aa\" data-element_type=\"column\" data-e-type=\"column\">\n\t\t\t<div class=\"elementor-widget-wrap elementor-element-populated\">\n\t\t\t\t\t\t<div class=\"elementor-element elementor-element-99ea8b3 elementor-widget elementor-widget-heading\" data-id=\"99ea8b3\" data-element_type=\"widget\" data-e-type=\"widget\" data-widget_type=\"heading.default\">\n\t\t\t\t<div class=\"elementor-widget-container\">\n\t\t\t\t\t<h2 class=\"elementor-heading-title elementor-size-default\">WHERE ARE WE LOCATED<\/h2>\t\t\t\t<\/div>\n\t\t\t\t<\/div>\n\t\t\t\t<div class=\"elementor-element elementor-element-5ad6cf1 elementor-widget elementor-widget-text-editor\" data-id=\"5ad6cf1\" data-element_type=\"widget\" data-e-type=\"widget\" data-widget_type=\"text-editor.default\">\n\t\t\t\t<div class=\"elementor-widget-container\">\n\t\t\t\t\t\t\t\t\t<p><strong>Buenos Aires<\/strong> | ARGENTINA<br \/><b>Montevideo<\/b> | URUGUAY<br \/><strong>Madrid<\/strong> | ESPA\u00d1A<br \/><strong>Miami<\/strong> | USA<\/p>\t\t\t\t\t\t\t\t<\/div>\n\t\t\t\t<\/div>\n\t\t\t\t\t<\/div>\n\t\t<\/div>\n\t\t\t\t<div class=\"elementor-column elementor-col-33 elementor-top-column elementor-element elementor-element-fe15d65\" data-id=\"fe15d65\" data-element_type=\"column\" data-e-type=\"column\">\n\t\t\t<div class=\"elementor-widget-wrap elementor-element-populated\">\n\t\t\t\t\t\t<div class=\"elementor-element elementor-element-b4a4050 elementor-widget elementor-widget-heading\" data-id=\"b4a4050\" data-element_type=\"widget\" data-e-type=\"widget\" data-widget_type=\"heading.default\">\n\t\t\t\t<div class=\"elementor-widget-container\">\n\t\t\t\t\t<h2 class=\"elementor-heading-title elementor-size-default\">E-MAIL<\/h2>\t\t\t\t<\/div>\n\t\t\t\t<\/div>\n\t\t\t\t<div class=\"elementor-element elementor-element-d13132f elementor-align-center elementor-icon-list--layout-traditional elementor-list-item-link-full_width elementor-widget elementor-widget-icon-list\" data-id=\"d13132f\" data-element_type=\"widget\" data-e-type=\"widget\" data-widget_type=\"icon-list.default\">\n\t\t\t\t<div class=\"elementor-widget-container\">\n\t\t\t\t\t\t\t<ul class=\"elementor-icon-list-items\">\n\t\t\t\t\t\t\t<li class=\"elementor-icon-list-item\">\n\t\t\t\t\t\t\t\t\t\t\t<a href=\"mailto:info@bglobalsolutions.com\">\n\n\t\t\t\t\t\t\t\t\t\t\t<span class=\"elementor-icon-list-text\">info@bglobalsolutions.com<\/span>\n\t\t\t\t\t\t\t\t\t\t\t<\/a>\n\t\t\t\t\t\t\t\t\t<\/li>\n\t\t\t\t\t\t<\/ul>\n\t\t\t\t\t\t<\/div>\n\t\t\t\t<\/div>\n\t\t\t\t\t<\/div>\n\t\t<\/div>\n\t\t\t\t<div class=\"elementor-column elementor-col-33 elementor-top-column elementor-element elementor-element-a1e122d\" data-id=\"a1e122d\" data-element_type=\"column\" data-e-type=\"column\">\n\t\t\t<div class=\"elementor-widget-wrap elementor-element-populated\">\n\t\t\t\t\t\t<div class=\"elementor-element elementor-element-8fb4593 elementor-widget elementor-widget-heading\" data-id=\"8fb4593\" data-element_type=\"widget\" data-e-type=\"widget\" data-widget_type=\"heading.default\">\n\t\t\t\t<div class=\"elementor-widget-container\">\n\t\t\t\t\t<h2 class=\"elementor-heading-title elementor-size-default\">PHONES<\/h2>\t\t\t\t<\/div>\n\t\t\t\t<\/div>\n\t\t\t\t<div class=\"elementor-element elementor-element-b8e79e0 elementor-widget elementor-widget-text-editor\" data-id=\"b8e79e0\" data-element_type=\"widget\" data-e-type=\"widget\" data-widget_type=\"text-editor.default\">\n\t\t\t\t<div class=\"elementor-widget-container\">\n\t\t\t\t\t\t\t\t\t<p><strong>+54 9 11 4415 4558<\/strong>\u00a0| ARG<br \/><strong>+598 (2) 623 6590<\/strong> | URU<br \/><strong>+1 (786) 644 8849<\/strong>\u00a0| USA<br \/><strong>+34 910 880 159<\/strong>\u00a0| SPA<br \/><strong>+52 55 4169 1912<\/strong>\u00a0| MEX<\/p>\t\t\t\t\t\t\t\t<\/div>\n\t\t\t\t<\/div>\n\t\t\t\t\t<\/div>\n\t\t<\/div>\n\t\t\t\t\t<\/div>\n\t\t<\/section>\n\t\t\t\t<section class=\"elementor-section elementor-top-section elementor-element elementor-element-e8e6920 elementor-section-boxed elementor-section-height-default elementor-section-height-default\" data-id=\"e8e6920\" data-element_type=\"section\" data-e-type=\"section\" id=\"contact\">\n\t\t\t\t\t\t<div class=\"elementor-container elementor-column-gap-default\">\n\t\t\t\t\t<div class=\"elementor-column elementor-col-100 elementor-top-column elementor-element elementor-element-6ac660f\" data-id=\"6ac660f\" data-element_type=\"column\" data-e-type=\"column\">\n\t\t\t<div class=\"elementor-widget-wrap elementor-element-populated\">\n\t\t\t\t\t\t<div class=\"elementor-element elementor-element-10d11f7 elementor-widget elementor-widget-heading\" data-id=\"10d11f7\" data-element_type=\"widget\" data-e-type=\"widget\" data-widget_type=\"heading.default\">\n\t\t\t\t<div class=\"elementor-widget-container\">\n\t\t\t\t\t<h2 class=\"elementor-heading-title elementor-size-default\">Tell us what you need and we will provide you with a tailored solution.<\/h2>\t\t\t\t<\/div>\n\t\t\t\t<\/div>\n\t\t\t\t\t<\/div>\n\t\t<\/div>\n\t\t\t\t\t<\/div>\n\t\t<\/section>\n\t\t\t\t<section class=\"elementor-section elementor-top-section elementor-element elementor-element-ee09380 elementor-section-full_width elementor-reverse-mobile elementor-section-height-default elementor-section-height-default\" data-id=\"ee09380\" data-element_type=\"section\" data-e-type=\"section\">\n\t\t\t\t\t\t<div class=\"elementor-container elementor-column-gap-default\">\n\t\t\t\t\t<div class=\"elementor-column elementor-col-50 elementor-top-column elementor-element elementor-element-13b2236 elementor-hidden-tablet\" data-id=\"13b2236\" data-element_type=\"column\" data-e-type=\"column\">\n\t\t\t<div class=\"elementor-widget-wrap elementor-element-populated\">\n\t\t\t\t\t\t<div class=\"elementor-element elementor-element-c2924e7 elementor-widget elementor-widget-html\" data-id=\"c2924e7\" data-element_type=\"widget\" data-e-type=\"widget\" data-widget_type=\"html.default\">\n\t\t\t\t<div class=\"elementor-widget-container\">\n\t\t\t\t\t<img decoding=\"async\" src=\"https:\/\/bglobalsolutions.com\/wp-content\/themes\/bglobal-html5\/img\/animated\/contact-graphic.svg\" alt=\"contacto\" class=\"img-fluid\">\t\t\t\t<\/div>\n\t\t\t\t<\/div>\n\t\t\t\t\t<\/div>\n\t\t<\/div>\n\t\t\t\t<div class=\"elementor-column elementor-col-50 elementor-top-column elementor-element elementor-element-06a481a\" data-id=\"06a481a\" data-element_type=\"column\" data-e-type=\"column\">\n\t\t\t<div class=\"elementor-widget-wrap elementor-element-populated\">\n\t\t\t\t\t\t<div class=\"elementor-element elementor-element-a1e8e0c elementor-widget elementor-widget-text-editor\" data-id=\"a1e8e0c\" data-element_type=\"widget\" data-e-type=\"widget\" data-widget_type=\"text-editor.default\">\n\t\t\t\t<div class=\"elementor-widget-container\">\n\t\t\t\t\t\t\t\t\t<p>\n<div class=\"wpcf7 no-js\" id=\"wpcf7-f38-o1\" lang=\"es-AR\" dir=\"ltr\" data-wpcf7-id=\"38\">\n<div class=\"screen-reader-response\"><p role=\"status\" aria-live=\"polite\" aria-atomic=\"true\"><\/p> <ul><\/ul><\/div>\n<form action=\"\/en\/wp-json\/wp\/v2\/pages\/13040#wpcf7-f38-o1\" method=\"post\" class=\"wpcf7-form init\" aria-label=\"Formulario de contacto\" novalidate=\"novalidate\" data-status=\"init\" data-trp-original-action=\"\/en\/wp-json\/wp\/v2\/pages\/13040#wpcf7-f38-o1\">\n<fieldset class=\"hidden-fields-container\"><input type=\"hidden\" name=\"_wpcf7\" value=\"38\" \/><input type=\"hidden\" name=\"_wpcf7_version\" value=\"6.1.5\" \/><input type=\"hidden\" name=\"_wpcf7_locale\" value=\"es_AR\" \/><input type=\"hidden\" name=\"_wpcf7_unit_tag\" value=\"wpcf7-f38-o1\" \/><input type=\"hidden\" name=\"_wpcf7_container_post\" value=\"0\" \/><input type=\"hidden\" name=\"_wpcf7_posted_data_hash\" value=\"\" \/><input type=\"hidden\" name=\"_wpcf7_recaptcha_response\" value=\"\" \/>\n<\/fieldset>\n<div class=\"uacf7-form-wrapper-container uacf7-form-38\"><h5 class=\"t2\">Leave a message<\/h5>\n<div class=\"row\">\n    <div class=\"col-6\">\n        <div class=\"form-group\">\n        <label> Name\n            <span class=\"wpcf7-form-control-wrap\" data-name=\"your-name\"><input size=\"40\" maxlength=\"400\" class=\"wpcf7-form-control wpcf7-text wpcf7-validates-as-required form-control\" aria-required=\"true\" aria-invalid=\"false\" placeholder=\"Name*\" value=\"\" type=\"text\" name=\"your-name\" \/><\/span> <\/label>\n        <\/div>\n    <\/div>\n    <div class=\"col-6\">\n        <div class=\"form-group\">\n        <label> Last Name\n            <span class=\"wpcf7-form-control-wrap\" data-name=\"your-lastname\"><input size=\"40\" maxlength=\"400\" class=\"wpcf7-form-control wpcf7-text wpcf7-validates-as-required form-control\" aria-required=\"true\" aria-invalid=\"false\" placeholder=\"Last Name*\" value=\"\" type=\"text\" name=\"your-lastname\" \/><\/span> <\/label>\n        <\/div>\n    <\/div>\n<\/div>\n\n<div class=\"form-group\">\n<label> \n    <span class=\"wpcf7-form-control-wrap\" data-name=\"your-tel\"><input size=\"40\" maxlength=\"400\" class=\"wpcf7-form-control wpcf7-text wpcf7-validates-as-required form-control\" aria-required=\"true\" aria-invalid=\"false\" placeholder=\"Phone*\" value=\"\" type=\"text\" name=\"your-tel\" \/><\/span> <\/label>\n<\/div>\n\n<div class=\"form-group\">\n<label>\n    <span class=\"wpcf7-form-control-wrap\" data-name=\"your-email\"><input size=\"40\" maxlength=\"400\" class=\"wpcf7-form-control wpcf7-email wpcf7-validates-as-required wpcf7-text wpcf7-validates-as-email form-control\" aria-required=\"true\" aria-invalid=\"false\" placeholder=\"Email*\" value=\"\" type=\"email\" name=\"your-email\" \/><\/span> <\/label>\n<\/div>\n\n<div class=\"row\">\n    <div class=\"col-6\">\n        <div class=\"form-group\">\n        <label>\n            <span class=\"wpcf7-form-control-wrap\" data-name=\"your-company\"><input size=\"40\" maxlength=\"400\" class=\"wpcf7-form-control wpcf7-text wpcf7-validates-as-required form-control\" aria-required=\"true\" aria-invalid=\"false\" placeholder=\"Company*\" value=\"\" type=\"text\" name=\"your-company\" \/><\/span> <\/label>\n        <\/div>\n    <\/div>\n    <div class=\"col-6\">\n        <div class=\"form-group\">\n        <label>\n            <span class=\"wpcf7-form-control-wrap\" data-name=\"your-area\"><input size=\"40\" maxlength=\"400\" class=\"wpcf7-form-control wpcf7-text wpcf7-validates-as-required form-control\" aria-required=\"true\" aria-invalid=\"false\" placeholder=\"Position*\" value=\"\" type=\"text\" name=\"your-area\" \/><\/span> <\/label>\n        <\/div>\n    <\/div>\n<\/div>\n\n\n\n\n<div class=\"form-group\">\n<label> \n    <span class=\"wpcf7-form-control-wrap\" data-name=\"your-message\"><textarea cols=\"40\" rows=\"6\" maxlength=\"2000\" class=\"wpcf7-form-control wpcf7-textarea form-control\" aria-invalid=\"false\" placeholder=\"Message\" name=\"your-message\"><\/textarea><\/span> <\/label>\n<\/div>\n\n<div class=\"form-group country-code-field\">\n<label>\n    <span class=\"wpcf7-form-control-wrap\" data-name=\"your-country\"><input size=\"40\" class=\"wpcf7-form-control wpcf7-countrytext wpcf7-text wpcf7-validates-as-countrytext\" aria-invalid=\"false\" placeholder=\"Select Country\" value=\"\" type=\"text\" name=\"your-country\" \/><\/span> <\/label>\n<\/div>\n\n<input class=\"wpcf7-form-control wpcf7-submit has-spinner btn btn-primary\" type=\"submit\" value=\"Contact Us\" \/><\/div><p style=\"display: none !important;\" class=\"akismet-fields-container\" data-prefix=\"_wpcf7_ak_\"><label>&#916;<textarea name=\"_wpcf7_ak_hp_textarea\" cols=\"45\" rows=\"8\" maxlength=\"100\"><\/textarea><\/label><input type=\"hidden\" id=\"ak_js_1\" name=\"_wpcf7_ak_js\" value=\"214\"\/><script>document.getElementById( \"ak_js_1\" ).setAttribute( \"value\", ( new Date() ).getTime() );<\/script><\/p><div class=\"wpcf7-response-output\" aria-hidden=\"true\"><\/div>\n<input type=\"hidden\" name=\"trp-form-language\" value=\"en\"\/><\/form>\n<\/div>\n<\/p>\t\t\t\t\t\t\t\t<\/div>\n\t\t\t\t<\/div>\n\t\t\t\t\t<\/div>\n\t\t<\/div>\n\t\t\t\t\t<\/div>\n\t\t<\/section>\n\t\t\t\t<\/div>","protected":false},"excerpt":{"rendered":"CONTACTO D\u00d3NDE ESTAMOS Buenos Aires | ARGENTINAMontevideo | URUGUAYMadrid | ESPA\u00d1AMiami | USA E-MAIL info@bglobalsolutions.com TEL\u00c9FONO +54 9 11 4415 4558\u00a0| ARG+598 (2) 623 6590 | URU+1 (786) 644 8849\u00a0| USA+34 910 880 159\u00a0| SPA+52 55 4169 1912\u00a0| MEX Cu\u00e9ntanos qu\u00e9 necesitas y te brindamos una soluci\u00f3n a tu medida","protected":false},"author":10,"featured_media":0,"parent":0,"menu_order":0,"comment_status":"closed","ping_status":"closed","template":"elementor_header_footer","meta":{"footnotes":""},"class_list":["post-13040","page","type-page","status-publish","hentry"],"yoast_head":"<!-- This site is optimized with the Yoast SEO plugin v27.4 - https:\/\/yoast.com\/product\/yoast-seo-wordpress\/ -->\n<title>Contacto - BGlobal<\/title>\n<meta name=\"description\" content=\"Ponte en contacto con BGlobal Solutions para obtener m\u00e1s informaci\u00f3n sobre nuestras soluciones tecnol\u00f3gicas.\" \/>\n<meta name=\"robots\" content=\"index, follow, max-snippet:-1, max-image-preview:large, max-video-preview:-1\" \/>\n<link rel=\"canonical\" href=\"https:\/\/bglobalsolutions.com\/en\/contacto\/\" \/>\n<meta property=\"og:locale\" content=\"en_US\" \/>\n<meta property=\"og:type\" content=\"article\" \/>\n<meta property=\"og:title\" content=\"Contacto - BGlobal\" \/>\n<meta property=\"og:description\" content=\"Ponte en contacto con BGlobal Solutions para obtener m\u00e1s informaci\u00f3n sobre nuestras soluciones tecnol\u00f3gicas.\" \/>\n<meta property=\"og:url\" content=\"https:\/\/bglobalsolutions.com\/en\/contacto\/\" \/>\n<meta property=\"og:site_name\" content=\"BGlobal\" \/>\n<meta property=\"article:modified_time\" content=\"2025-01-06T17:20:39+00:00\" \/>\n<meta property=\"og:image\" content=\"https:\/\/bglobalsolutions.com\/wp-content\/themes\/bglobal-html5\/img\/animated\/contact-graphic.svg\" \/>\n<meta name=\"twitter:card\" content=\"summary_large_image\" \/>\n<meta name=\"twitter:label1\" content=\"Est. reading time\" \/>\n\t<meta name=\"twitter:data1\" content=\"1 minute\" \/>\n<!-- \/ Yoast SEO plugin. -->","yoast_head_json":{"title":"Contacto - BGlobal","description":"Ponte en contacto con BGlobal Solutions para obtener m\u00e1s informaci\u00f3n sobre nuestras soluciones tecnol\u00f3gicas.","robots":{"index":"index","follow":"follow","max-snippet":"max-snippet:-1","max-image-preview":"max-image-preview:large","max-video-preview":"max-video-preview:-1"},"canonical":"https:\/\/bglobalsolutions.com\/en\/contacto\/","og_locale":"en_US","og_type":"article","og_title":"Contacto - BGlobal","og_description":"Ponte en contacto con BGlobal Solutions para obtener m\u00e1s informaci\u00f3n sobre nuestras soluciones tecnol\u00f3gicas.","og_url":"https:\/\/bglobalsolutions.com\/en\/contacto\/","og_site_name":"BGlobal","article_modified_time":"2025-01-06T17:20:39+00:00","og_image":[{"url":"https:\/\/bglobalsolutions.com\/wp-content\/themes\/bglobal-html5\/img\/animated\/contact-graphic.svg","type":"","width":"","height":""}],"twitter_card":"summary_large_image","twitter_misc":{"Est. reading time":"1 minute"},"schema":{"@context":"https:\/\/schema.org","@graph":[{"@type":"WebPage","@id":"https:\/\/bglobalsolutions.com\/contacto\/","url":"https:\/\/bglobalsolutions.com\/contacto\/","name":"Contacto - BGlobal","isPartOf":{"@id":"https:\/\/bglobalsolutions.com\/#website"},"primaryImageOfPage":{"@id":"https:\/\/bglobalsolutions.com\/contacto\/#primaryimage"},"image":{"@id":"https:\/\/bglobalsolutions.com\/contacto\/#primaryimage"},"thumbnailUrl":"https:\/\/bglobalsolutions.com\/wp-content\/themes\/bglobal-html5\/img\/animated\/contact-graphic.svg","datePublished":"2019-11-06T05:36:47+00:00","dateModified":"2025-01-06T17:20:39+00:00","description":"Ponte en contacto con BGlobal Solutions para obtener m\u00e1s informaci\u00f3n sobre nuestras soluciones tecnol\u00f3gicas.","breadcrumb":{"@id":"https:\/\/bglobalsolutions.com\/contacto\/#breadcrumb"},"inLanguage":"en-US","potentialAction":[{"@type":"ReadAction","target":["https:\/\/bglobalsolutions.com\/contacto\/"]}]},{"@type":"ImageObject","inLanguage":"en-US","@id":"https:\/\/bglobalsolutions.com\/contacto\/#primaryimage","url":"https:\/\/bglobalsolutions.com\/wp-content\/themes\/bglobal-html5\/img\/animated\/contact-graphic.svg","contentUrl":"https:\/\/bglobalsolutions.com\/wp-content\/themes\/bglobal-html5\/img\/animated\/contact-graphic.svg"},{"@type":"BreadcrumbList","@id":"https:\/\/bglobalsolutions.com\/contacto\/#breadcrumb","itemListElement":[{"@type":"ListItem","position":1,"name":"Inicio","item":"https:\/\/bglobalsolutions.com\/"},{"@type":"ListItem","position":2,"name":"Contacto"}]},{"@type":"WebSite","@id":"https:\/\/bglobalsolutions.com\/#website","url":"https:\/\/bglobalsolutions.com\/","name":"BGlobal","description":"Expertos en Customer Experience","publisher":{"@id":"https:\/\/bglobalsolutions.com\/#organization"},"potentialAction":[{"@type":"SearchAction","target":{"@type":"EntryPoint","urlTemplate":"https:\/\/bglobalsolutions.com\/?s={search_term_string}"},"query-input":{"@type":"PropertyValueSpecification","valueRequired":true,"valueName":"search_term_string"}}],"inLanguage":"en-US"},{"@type":"Organization","@id":"https:\/\/bglobalsolutions.com\/#organization","name":"BGlobal Solutons","url":"https:\/\/bglobalsolutions.com\/","logo":{"@type":"ImageObject","inLanguage":"en-US","@id":"https:\/\/bglobalsolutions.com\/#\/schema\/logo\/image\/","url":"https:\/\/bglobalsolutions.com\/wp-content\/uploads\/2025\/04\/bglobal-solutions-crm-implementation-no-code-solutions.png","contentUrl":"https:\/\/bglobalsolutions.com\/wp-content\/uploads\/2025\/04\/bglobal-solutions-crm-implementation-no-code-solutions.png","width":1316,"height":778,"caption":"BGlobal Solutons"},"image":{"@id":"https:\/\/bglobalsolutions.com\/#\/schema\/logo\/image\/"}}]}},"_links":{"self":[{"href":"https:\/\/bglobalsolutions.com\/en\/wp-json\/wp\/v2\/pages\/13040","targetHints":{"allow":["GET"]}}],"collection":[{"href":"https:\/\/bglobalsolutions.com\/en\/wp-json\/wp\/v2\/pages"}],"about":[{"href":"https:\/\/bglobalsolutions.com\/en\/wp-json\/wp\/v2\/types\/page"}],"author":[{"embeddable":true,"href":"https:\/\/bglobalsolutions.com\/en\/wp-json\/wp\/v2\/users\/10"}],"replies":[{"embeddable":true,"href":"https:\/\/bglobalsolutions.com\/en\/wp-json\/wp\/v2\/comments?post=13040"}],"version-history":[{"count":16,"href":"https:\/\/bglobalsolutions.com\/en\/wp-json\/wp\/v2\/pages\/13040\/revisions"}],"predecessor-version":[{"id":21703,"href":"https:\/\/bglobalsolutions.com\/en\/wp-json\/wp\/v2\/pages\/13040\/revisions\/21703"}],"wp:attachment":[{"href":"https:\/\/bglobalsolutions.com\/en\/wp-json\/wp\/v2\/media?parent=13040"}],"curies":[{"name":"wp","href":"https:\/\/api.w.org\/{rel}","templated":true}]}}