{"id":13023,"date":"2019-10-29T22:21:23","date_gmt":"2019-10-30T01:21:23","guid":{"rendered":"http:\/\/bglobalsolutions.com\/?page_id=13023"},"modified":"2025-02-04T15:20:56","modified_gmt":"2025-02-04T18:20:56","slug":"certificaciones-politicas-calidad","status":"publish","type":"page","link":"https:\/\/bglobalsolutions.com\/en\/certificaciones-politicas-calidad\/","title":{"rendered":"Certifications and Quality Policies"},"content":{"rendered":"<div data-elementor-type=\"wp-page\" data-elementor-id=\"13023\" class=\"elementor elementor-13023\">\n\t\t\t\t\t\t<section class=\"elementor-section elementor-top-section elementor-element elementor-element-b08caf1 elementor-section-boxed elementor-section-height-default elementor-section-height-default\" data-id=\"b08caf1\" data-element_type=\"section\" data-e-type=\"section\">\n\t\t\t\t\t\t<div class=\"elementor-container elementor-column-gap-default\">\n\t\t\t\t\t<div class=\"elementor-column elementor-col-100 elementor-top-column elementor-element elementor-element-5040f44\" data-id=\"5040f44\" data-element_type=\"column\" data-e-type=\"column\">\n\t\t\t<div class=\"elementor-widget-wrap elementor-element-populated\">\n\t\t\t\t\t\t<div class=\"elementor-element elementor-element-2460e58 elementor-widget elementor-widget-heading\" data-id=\"2460e58\" data-element_type=\"widget\" data-e-type=\"widget\" data-widget_type=\"heading.default\">\n\t\t\t\t<div class=\"elementor-widget-container\">\n\t\t\t\t\t<h2 class=\"elementor-heading-title elementor-size-default\">Certifications and Quality Policies<\/h2>\t\t\t\t<\/div>\n\t\t\t\t<\/div>\n\t\t\t\t\t<\/div>\n\t\t<\/div>\n\t\t\t\t\t<\/div>\n\t\t<\/section>\n\t\t\t\t<section class=\"elementor-section elementor-top-section elementor-element elementor-element-515bd426 elementor-section-boxed elementor-section-height-default elementor-section-height-default\" data-id=\"515bd426\" data-element_type=\"section\" data-e-type=\"section\">\n\t\t\t\t\t\t<div class=\"elementor-container elementor-column-gap-default\">\n\t\t\t\t\t<div class=\"elementor-column elementor-col-100 elementor-top-column elementor-element elementor-element-2dafa37c\" data-id=\"2dafa37c\" data-element_type=\"column\" data-e-type=\"column\">\n\t\t\t<div class=\"elementor-widget-wrap elementor-element-populated\">\n\t\t\t\t\t\t<div class=\"elementor-element elementor-element-68a183d2 elementor-widget elementor-widget-text-editor\" data-id=\"68a183d2\" data-element_type=\"widget\" data-e-type=\"widget\" data-widget_type=\"text-editor.default\">\n\t\t\t\t<div class=\"elementor-widget-container\">\n\t\t\t\t\t\t\t\t\t<p><\/p>\n<p>Contamos con certificaciones internacionales que avalan nuestro compromiso con la calidad en nuestro trabajo del d\u00eda a d\u00eda. Estamos certificados en<b> ISO 9001:2015<\/b>.<\/p>\n<p><\/p>\n<p>Below is our Quality Policy:<\/p>\n<p><\/p>\n<p><b>BGlobal Solutions<\/b> se compromete a mejorar continuamente su Sistema de Gesti\u00f3n de la Calidad cumpliendo con todos los requisitos suscriptos en \u00e9l, con el fin de proveer al mercado un servicio de Desarrollo, Implementaci\u00f3n y Soporte de Software en pos de satisfacer las necesidades de sus clientes.<\/p>\n<p><\/p>\n<p>For this we have identified and assumed the following commitments:<\/p>\n<p><\/p>\n<p>Final quality, carry out software development projects, using cutting-edge technology, providing services and products that meet the needs of our clients.<\/p>\n<p><\/p>\n<p>Reliable service and customer support, provide an implementation and stabilization service that ensures the quality of the deliverable and customer satisfaction.<\/p>\n<p><\/p>\n<p>Training, support our service with a user training process that achieves user satisfaction and optimizes the use of the purchased product.<\/p>\n<p><\/p>\n<p>Improve the customer experience, work on all aspects of customer relations, to achieve satisfaction in their user experience with the solutions provided by Global and in their relationship with our work team.<\/p>\n<p><\/p>\n<p>Commitment to comply with applicable and legal requirements<br>This must be interpreted by all collaborators as a guide to conduct and performance, both individually and collectively within the Organization in pursuit of achieving its objectives.<\/p>\n<p><\/p>\t\t\t\t\t\t\t\t<\/div>\n\t\t\t\t<\/div>\n\t\t\t\t\t<\/div>\n\t\t<\/div>\n\t\t\t\t\t<\/div>\n\t\t<\/section>\n\t\t\t\t<\/div>","protected":false},"excerpt":{"rendered":"Certificaciones y Pol\u00edticas de Calidad Contamos con certificaciones internacionales que avalan nuestro compromiso con la calidad en nuestro trabajo del d\u00eda a d\u00eda. Estamos certificados en ISO 9001:2015. A continuaci\u00f3n, nuestra Pol\u00edtica de Calidad: BGlobal Solutions se compromete a mejorar continuamente su Sistema de Gesti\u00f3n de la Calidad cumpliendo con todos los requisitos suscriptos en&#8230; <a class=\"view-article\" href=\"https:\/\/bglobalsolutions.com\/en\/certificaciones-politicas-calidad\/\">View Article<\/a>","protected":false},"author":10,"featured_media":0,"parent":0,"menu_order":0,"comment_status":"closed","ping_status":"closed","template":"elementor_header_footer","meta":{"footnotes":""},"class_list":["post-13023","page","type-page","status-publish","hentry"],"yoast_head":"<!-- This site is optimized with the Yoast SEO plugin v27.5 - https:\/\/yoast.com\/product\/yoast-seo-wordpress\/ -->\n<title>Certificaciones y Pol\u00edticas de Calidad - BGlobal<\/title>\n<meta name=\"robots\" content=\"noindex, follow\" \/>\n<meta property=\"og:locale\" content=\"en_US\" \/>\n<meta property=\"og:type\" content=\"article\" \/>\n<meta property=\"og:title\" content=\"Certificaciones y Pol\u00edticas de Calidad - BGlobal\" \/>\n<meta property=\"og:description\" content=\"Certificaciones y Pol\u00edticas de Calidad Contamos con certificaciones internacionales que avalan nuestro compromiso con la calidad en nuestro trabajo del d\u00eda a d\u00eda. Estamos certificados en ISO 9001:2015. A continuaci\u00f3n, nuestra Pol\u00edtica de Calidad: BGlobal Solutions se compromete a mejorar continuamente su Sistema de Gesti\u00f3n de la Calidad cumpliendo con todos los requisitos suscriptos en... View Article\" \/>\n<meta property=\"og:url\" content=\"https:\/\/bglobalsolutions.com\/en\/certificaciones-politicas-calidad\/\" \/>\n<meta property=\"og:site_name\" content=\"BGlobal\" \/>\n<meta property=\"article:modified_time\" content=\"2025-02-04T18:20:56+00:00\" \/>\n<meta property=\"og:image\" content=\"https:\/\/bglobalsolutions.com\/wp-content\/uploads\/2025\/04\/bglobal-solutions-crm-implementation-no-code-solutions.png\" \/>\n\t<meta property=\"og:image:width\" content=\"1316\" \/>\n\t<meta property=\"og:image:height\" content=\"778\" \/>\n\t<meta property=\"og:image:type\" content=\"image\/png\" \/>\n<meta name=\"twitter:card\" content=\"summary_large_image\" \/>\n<meta name=\"twitter:label1\" content=\"Est. reading time\" \/>\n\t<meta name=\"twitter:data1\" content=\"2 minutes\" \/>\n<!-- \/ Yoast SEO plugin. -->","yoast_head_json":{"title":"Certificaciones y Pol\u00edticas de Calidad - BGlobal","robots":{"index":"noindex","follow":"follow"},"og_locale":"en_US","og_type":"article","og_title":"Certificaciones y Pol\u00edticas de Calidad - BGlobal","og_description":"Certificaciones y Pol\u00edticas de Calidad Contamos con certificaciones internacionales que avalan nuestro compromiso con la calidad en nuestro trabajo del d\u00eda a d\u00eda. Estamos certificados en ISO 9001:2015. A continuaci\u00f3n, nuestra Pol\u00edtica de Calidad: BGlobal Solutions se compromete a mejorar continuamente su Sistema de Gesti\u00f3n de la Calidad cumpliendo con todos los requisitos suscriptos en... View Article","og_url":"https:\/\/bglobalsolutions.com\/en\/certificaciones-politicas-calidad\/","og_site_name":"BGlobal","article_modified_time":"2025-02-04T18:20:56+00:00","og_image":[{"width":1316,"height":778,"url":"https:\/\/bglobalsolutions.com\/wp-content\/uploads\/2025\/04\/bglobal-solutions-crm-implementation-no-code-solutions.png","type":"image\/png"}],"twitter_card":"summary_large_image","twitter_misc":{"Est. reading time":"2 minutes"},"schema":{"@context":"https:\/\/schema.org","@graph":[{"@type":"WebPage","@id":"https:\/\/bglobalsolutions.com\/certificaciones-politicas-calidad\/","url":"https:\/\/bglobalsolutions.com\/certificaciones-politicas-calidad\/","name":"Certificaciones y Pol\u00edticas de Calidad - BGlobal","isPartOf":{"@id":"https:\/\/bglobalsolutions.com\/#website"},"datePublished":"2019-10-30T01:21:23+00:00","dateModified":"2025-02-04T18:20:56+00:00","breadcrumb":{"@id":"https:\/\/bglobalsolutions.com\/certificaciones-politicas-calidad\/#breadcrumb"},"inLanguage":"en-US","potentialAction":[{"@type":"ReadAction","target":["https:\/\/bglobalsolutions.com\/certificaciones-politicas-calidad\/"]}]},{"@type":"BreadcrumbList","@id":"https:\/\/bglobalsolutions.com\/certificaciones-politicas-calidad\/#breadcrumb","itemListElement":[{"@type":"ListItem","position":1,"name":"Inicio","item":"https:\/\/bglobalsolutions.com\/"},{"@type":"ListItem","position":2,"name":"Certificaciones y Pol\u00edticas de Calidad"}]},{"@type":"WebSite","@id":"https:\/\/bglobalsolutions.com\/#website","url":"https:\/\/bglobalsolutions.com\/","name":"BGlobal","description":"Expertos en Customer Experience","publisher":{"@id":"https:\/\/bglobalsolutions.com\/#organization"},"potentialAction":[{"@type":"SearchAction","target":{"@type":"EntryPoint","urlTemplate":"https:\/\/bglobalsolutions.com\/?s={search_term_string}"},"query-input":{"@type":"PropertyValueSpecification","valueRequired":true,"valueName":"search_term_string"}}],"inLanguage":"en-US"},{"@type":"Organization","@id":"https:\/\/bglobalsolutions.com\/#organization","name":"BGlobal Solutons","url":"https:\/\/bglobalsolutions.com\/","logo":{"@type":"ImageObject","inLanguage":"en-US","@id":"https:\/\/bglobalsolutions.com\/#\/schema\/logo\/image\/","url":"https:\/\/bglobalsolutions.com\/wp-content\/uploads\/2025\/04\/bglobal-solutions-crm-implementation-no-code-solutions.png","contentUrl":"https:\/\/bglobalsolutions.com\/wp-content\/uploads\/2025\/04\/bglobal-solutions-crm-implementation-no-code-solutions.png","width":1316,"height":778,"caption":"BGlobal Solutons"},"image":{"@id":"https:\/\/bglobalsolutions.com\/#\/schema\/logo\/image\/"}}]}},"_links":{"self":[{"href":"https:\/\/bglobalsolutions.com\/en\/wp-json\/wp\/v2\/pages\/13023","targetHints":{"allow":["GET"]}}],"collection":[{"href":"https:\/\/bglobalsolutions.com\/en\/wp-json\/wp\/v2\/pages"}],"about":[{"href":"https:\/\/bglobalsolutions.com\/en\/wp-json\/wp\/v2\/types\/page"}],"author":[{"embeddable":true,"href":"https:\/\/bglobalsolutions.com\/en\/wp-json\/wp\/v2\/users\/10"}],"replies":[{"embeddable":true,"href":"https:\/\/bglobalsolutions.com\/en\/wp-json\/wp\/v2\/comments?post=13023"}],"version-history":[{"count":6,"href":"https:\/\/bglobalsolutions.com\/en\/wp-json\/wp\/v2\/pages\/13023\/revisions"}],"predecessor-version":[{"id":24316,"href":"https:\/\/bglobalsolutions.com\/en\/wp-json\/wp\/v2\/pages\/13023\/revisions\/24316"}],"wp:attachment":[{"href":"https:\/\/bglobalsolutions.com\/en\/wp-json\/wp\/v2\/media?parent=13023"}],"curies":[{"name":"wp","href":"https:\/\/api.w.org\/{rel}","templated":true}]}}